{"id":3309,"date":"2024-12-20T09:52:15","date_gmt":"2024-12-20T09:52:15","guid":{"rendered":"https:\/\/www.pilarvicente.cat\/tallers\/"},"modified":"2025-02-05T13:50:03","modified_gmt":"2025-02-05T13:50:03","slug":"talleres","status":"publish","type":"page","link":"https:\/\/www.pilarvicente.cat\/es\/talleres\/","title":{"rendered":"Talleres"},"content":{"rendered":"\t\t<div data-elementor-type=\"wp-page\" data-elementor-id=\"3309\" class=\"elementor elementor-3309 elementor-2808\" data-elementor-post-type=\"page\">\n\t\t\t\t<div class=\"elementor-element elementor-element-3ea8bd6 e-flex e-con-boxed e-con e-parent\" data-id=\"3ea8bd6\" data-element_type=\"container\">\n\t\t\t\t\t<div class=\"e-con-inner\">\n\t\t\t\t<div class=\"elementor-element elementor-element-9540b8d elementor-widget elementor-widget-wdt-heading\" data-id=\"9540b8d\" data-element_type=\"widget\" data-settings=\"{&quot;wdt_animation_effect&quot;:&quot;none&quot;}\" data-widget_type=\"wdt-heading.default\">\n\t\t\t\t<div class=\"elementor-widget-container\">\n\t\t\t\t\t<div class=\"wdt-heading-holder \" id=\"wdt-heading-9540b8d\"><h2 class=\"wdt-heading-title-wrapper wdt-heading-align- wdt-heading-deco-wrapper\"><span class=\"wdt-heading-title\">Talleres activos<\/span><\/h2><div class=\"wdt-heading-content-wrapper\">Te detallo los talleres que estoy realizando actualmente y que te puedes apuntar.<\/div><\/div>\t\t\t\t<\/div>\n\t\t\t\t<\/div>\n\t\t\t\t\t<\/div>\n\t\t\t\t<\/div>\n\t\t<div class=\"elementor-element elementor-element-dbdd983 e-flex e-con-boxed e-con e-parent\" data-id=\"dbdd983\" data-element_type=\"container\" data-settings=\"{&quot;background_background&quot;:&quot;classic&quot;,&quot;shape_divider_top&quot;:&quot;split&quot;,&quot;shape_divider_bottom&quot;:&quot;split&quot;}\">\n\t\t\t\t\t<div class=\"e-con-inner\">\n\t\t\t\t<div class=\"elementor-shape elementor-shape-top\" data-negative=\"false\">\n\t\t\t<svg xmlns=\"http:\/\/www.w3.org\/2000\/svg\" viewBox=\"0 0 1000 20\" preserveAspectRatio=\"none\">\n\t<path class=\"elementor-shape-fill\" d=\"M0,0v3c0,0,393.8,0,483.4,0c9.2,0,16.6,7.4,16.6,16.6c0-9.1,7.4-16.6,16.6-16.6C606.2,3,1000,3,1000,3V0H0z\"\/>\n<\/svg>\t\t<\/div>\n\t\t\t\t<div class=\"elementor-shape elementor-shape-bottom\" data-negative=\"false\">\n\t\t\t<svg xmlns=\"http:\/\/www.w3.org\/2000\/svg\" viewBox=\"0 0 1000 20\" preserveAspectRatio=\"none\">\n\t<path class=\"elementor-shape-fill\" d=\"M0,0v3c0,0,393.8,0,483.4,0c9.2,0,16.6,7.4,16.6,16.6c0-9.1,7.4-16.6,16.6-16.6C606.2,3,1000,3,1000,3V0H0z\"\/>\n<\/svg>\t\t<\/div>\n\t\t<div class=\"elementor-element elementor-element-bbc7eae e-con-full e-flex e-con e-child\" data-id=\"bbc7eae\" data-element_type=\"container\">\n\t\t\t\t<div class=\"elementor-element elementor-element-252ae3b elementor-widget__width-initial elementor-widget-mobile_extra__width-initial wdt-home-2-banner-heading elementor-widget-tablet__width-inherit elementor-widget elementor-widget-wdt-heading\" data-id=\"252ae3b\" data-element_type=\"widget\" data-settings=\"{&quot;wdt_animation_effect&quot;:&quot;none&quot;}\" data-widget_type=\"wdt-heading.default\">\n\t\t\t\t<div class=\"elementor-widget-container\">\n\t\t\t\t\t<div class=\"wdt-heading-holder \" id=\"wdt-heading-252ae3b\"><div class=\"wdt-heading-subtitle-wrapper wdt-heading-align- \"><span class=\"wdt-heading-subtitle\">Talleres<\/span><\/div><h2 class=\"wdt-heading-title-wrapper wdt-heading-align- wdt-heading-deco-wrapper\"><span class=\"wdt-heading-title\">Las mujeres y su cuerpo<\/span><\/h2><div class=\"wdt-heading-content-wrapper\">A cargo de: Pilar Vicente. Psic\u00f3loga y Terapeuta de Terapia de integraci\u00f3n Psico-corporal.<\/div><\/div>\t\t\t\t<\/div>\n\t\t\t\t<\/div>\n\t\t\t\t<div class=\"elementor-element elementor-element-b6afb17 elementor-widget-divider--view-line elementor-widget elementor-widget-divider\" data-id=\"b6afb17\" data-element_type=\"widget\" data-settings=\"{&quot;wdt_animation_effect&quot;:&quot;none&quot;}\" data-widget_type=\"divider.default\">\n\t\t\t\t<div class=\"elementor-widget-container\">\n\t\t\t\t\t\t\t<div class=\"elementor-divider\">\n\t\t\t<span class=\"elementor-divider-separator\">\n\t\t\t\t\t\t<\/span>\n\t\t<\/div>\n\t\t\t\t\t\t<\/div>\n\t\t\t\t<\/div>\n\t\t\t\t<div class=\"elementor-element elementor-element-e299945 elementor-widget elementor-widget-text-editor\" data-id=\"e299945\" data-element_type=\"widget\" data-settings=\"{&quot;wdt_animation_effect&quot;:&quot;none&quot;}\" data-widget_type=\"text-editor.default\">\n\t\t\t\t<div class=\"elementor-widget-container\">\n\t\t\t\t\t\t\t\t\t<p>En este taller nos plantearemos trabajar aquellos aspectos que en concreto preocupen, cuestionen o amenacen la estabilidad y autoestima de las mujeres que participen.<\/p><p>Las mujeres sufrimos cambios trascendentes en nuestro cuerpo a lo largo de nuestra vida: menarqu\u00eda y menopausia y parte de nosotras, embarazos y partos. A estos cambios naturales, hay que a\u00f1adir los estereotipos y presiones sociales de tener cuerpos \u00abnormativos\u00bb, la tendencia machista a considerar las mujeres objetos de placer y sumisi\u00f3n a los hombres, la cosificaci\u00f3n de las mujeres&#8230;<\/p><p>La vivencia de todos estos cambios naturales y de todos estos conceptos y constructos sociales, ser\u00e1 radicalmente diferente en funci\u00f3n de nuestros or\u00edgenes, de nuestra historia de vida que condiciona nuestra cognici\u00f3n, sensopercepci\u00f3n, emociones y cuerpo.<\/p><p>Propongo llevar a cabo un trabajo grupal donde compartir y poder elaborar vivencias, preocupaciones, angustias, miedos, destrucci\u00f3n y poder elaborar nuevas formas de relacionarnos con nuestro cuerpo de mujer.<\/p>\t\t\t\t\t\t\t\t<\/div>\n\t\t\t\t<\/div>\n\t\t\t\t<\/div>\n\t\t<div class=\"elementor-element elementor-element-cf33584 e-con-full elementor-hidden-tablet_extra elementor-hidden-tablet e-flex e-con e-child\" data-id=\"cf33584\" data-element_type=\"container\">\n\t\t\t\t<div class=\"elementor-element elementor-element-8f153da elementor-widget elementor-widget-image\" data-id=\"8f153da\" data-element_type=\"widget\" data-settings=\"{&quot;wdt_animation_effect&quot;:&quot;none&quot;}\" data-widget_type=\"image.default\">\n\t\t\t\t<div class=\"elementor-widget-container\">\n\t\t\t\t\t\t\t\t\t\t\t\t\t\t\t<img fetchpriority=\"high\" decoding=\"async\" width=\"600\" height=\"800\" src=\"https:\/\/www.pilarvicente.cat\/wp-content\/uploads\/2024\/12\/img-pag-projectes-pilar-vicente-2024-02.jpg\" class=\"attachment-full size-full wp-image-2861\" alt=\"\" srcset=\"https:\/\/www.pilarvicente.cat\/wp-content\/uploads\/2024\/12\/img-pag-projectes-pilar-vicente-2024-02.jpg 600w, https:\/\/www.pilarvicente.cat\/wp-content\/uploads\/2024\/12\/img-pag-projectes-pilar-vicente-2024-02-225x300.jpg 225w\" sizes=\"(max-width: 600px) 100vw, 600px\" \/>\t\t\t\t\t\t\t\t\t\t\t\t\t\t\t<\/div>\n\t\t\t\t<\/div>\n\t\t\t\t<\/div>\n\t\t\t\t\t<\/div>\n\t\t\t\t<\/div>\n\t\t<div class=\"elementor-element elementor-element-e40905a e-flex e-con-boxed e-con e-parent\" data-id=\"e40905a\" data-element_type=\"container\">\n\t\t\t\t\t<div class=\"e-con-inner\">\n\t\t\t\t<div class=\"elementor-element elementor-element-0ea16cf elementor-widget elementor-widget-wdt-heading\" data-id=\"0ea16cf\" data-element_type=\"widget\" data-settings=\"{&quot;wdt_animation_effect&quot;:&quot;none&quot;}\" data-widget_type=\"wdt-heading.default\">\n\t\t\t\t<div class=\"elementor-widget-container\">\n\t\t\t\t\t<div class=\"wdt-heading-holder \" id=\"wdt-heading-0ea16cf\"><h2 class=\"wdt-heading-title-wrapper wdt-heading-align- wdt-heading-deco-wrapper\"><span class=\"wdt-heading-title\">\u00bfQuieres participar?<\/span><\/h2><\/div>\t\t\t\t<\/div>\n\t\t\t\t<\/div>\n\t\t\t\t<div class=\"elementor-element elementor-element-24e2d14 elementor-button-align-stretch elementor-widget elementor-widget-form\" data-id=\"24e2d14\" data-element_type=\"widget\" data-settings=\"{&quot;button_width&quot;:&quot;20&quot;,&quot;step_next_label&quot;:&quot;Next&quot;,&quot;step_previous_label&quot;:&quot;Previous&quot;,&quot;step_type&quot;:&quot;number_text&quot;,&quot;step_icon_shape&quot;:&quot;circle&quot;,&quot;wdt_animation_effect&quot;:&quot;none&quot;}\" data-widget_type=\"form.default\">\n\t\t\t\t<div class=\"elementor-widget-container\">\n\t\t\t\t\t\t\t<form class=\"elementor-form\" method=\"post\" name=\"Nou formulari\">\n\t\t\t<input type=\"hidden\" name=\"post_id\" value=\"3309\"\/>\n\t\t\t<input type=\"hidden\" name=\"form_id\" value=\"24e2d14\"\/>\n\t\t\t<input type=\"hidden\" name=\"referer_title\" value=\"Talleres - Pilar Vicente\" \/>\n\n\t\t\t\t\t\t\t<input type=\"hidden\" name=\"queried_id\" value=\"3309\"\/>\n\t\t\t\n\t\t\t<div class=\"elementor-form-fields-wrapper elementor-labels-above\">\n\t\t\t\t\t\t\t\t<div class=\"elementor-field-type-text elementor-field-group elementor-column elementor-field-group-name elementor-col-50 elementor-field-required elementor-mark-required\">\n\t\t\t\t\t\t\t\t\t\t\t\t<label for=\"form-field-name\" class=\"elementor-field-label\">\n\t\t\t\t\t\t\t\tNombre y apellidos\t\t\t\t\t\t\t<\/label>\n\t\t\t\t\t\t\t\t\t\t\t\t\t\t<input size=\"1\" type=\"text\" name=\"form_fields[name]\" id=\"form-field-name\" class=\"elementor-field elementor-size-md  elementor-field-textual\" required=\"required\">\n\t\t\t\t\t\t\t\t\t\t\t<\/div>\n\t\t\t\t\t\t\t\t<div class=\"elementor-field-type-tel elementor-field-group elementor-column elementor-field-group-telefono elementor-col-50 elementor-field-required elementor-mark-required\">\n\t\t\t\t\t\t\t\t\t\t\t\t<label for=\"form-field-telefono\" class=\"elementor-field-label\">\n\t\t\t\t\t\t\t\tTel\u00e9fono\t\t\t\t\t\t\t<\/label>\n\t\t\t\t\t\t\t\t<input size=\"1\" type=\"tel\" name=\"form_fields[telefono]\" id=\"form-field-telefono\" class=\"elementor-field elementor-size-md  elementor-field-textual\" required=\"required\" pattern=\"[0-9()#&amp;+*-=.]+\" title=\"Solo se aceptan n\u00fameros y caracteres de tel\u00e9fono (#,-,*,etc).\">\n\n\t\t\t\t\t\t<\/div>\n\t\t\t\t\t\t\t\t<div class=\"elementor-field-type-email elementor-field-group elementor-column elementor-field-group-email elementor-col-50 elementor-field-required elementor-mark-required\">\n\t\t\t\t\t\t\t\t\t\t\t\t<label for=\"form-field-email\" class=\"elementor-field-label\">\n\t\t\t\t\t\t\t\tEmail\t\t\t\t\t\t\t<\/label>\n\t\t\t\t\t\t\t\t\t\t\t\t\t\t<input size=\"1\" type=\"email\" name=\"form_fields[email]\" id=\"form-field-email\" class=\"elementor-field elementor-size-md  elementor-field-textual\" required=\"required\">\n\t\t\t\t\t\t\t\t\t\t\t<\/div>\n\t\t\t\t\t\t\t\t<div class=\"elementor-field-type-number elementor-field-group elementor-column elementor-field-group-edad elementor-col-50 elementor-field-required elementor-mark-required\">\n\t\t\t\t\t\t\t\t\t\t\t\t<label for=\"form-field-edad\" class=\"elementor-field-label\">\n\t\t\t\t\t\t\t\tEdad\t\t\t\t\t\t\t<\/label>\n\t\t\t\t\t\t\t\t\t<input type=\"number\" name=\"form_fields[edad]\" id=\"form-field-edad\" class=\"elementor-field elementor-size-md  elementor-field-textual\" required=\"required\" min=\"\" max=\"\" >\n\t\t\t\t\t\t<\/div>\n\t\t\t\t\t\t\t\t<div class=\"elementor-field-type-text elementor-field-group elementor-column elementor-field-group-field_56e7423 elementor-col-100\">\n\t\t\t\t\t\t\t\t\t\t\t\t<label for=\"form-field-field_56e7423\" class=\"elementor-field-label\">\n\t\t\t\t\t\t\t\tCom\u00e9ntame lo que necesites...\t\t\t\t\t\t\t<\/label>\n\t\t\t\t\t\t\t\t\t\t\t\t\t\t<input size=\"1\" type=\"text\" name=\"form_fields[field_56e7423]\" id=\"form-field-field_56e7423\" class=\"elementor-field elementor-size-md  elementor-field-textual\" placeholder=\"\u00bfA qu\u00e9 taller quieres asistir?\">\n\t\t\t\t\t\t\t\t\t\t\t<\/div>\n\t\t\t\t\t\t\t\t<div class=\"elementor-field-type-acceptance elementor-field-group elementor-column elementor-field-group-field_870225a elementor-col-100 elementor-field-required elementor-mark-required\">\n\t\t\t\t\t\t\t<div class=\"elementor-field-subgroup\">\n\t\t\t<span class=\"elementor-field-option\">\n\t\t\t\t<input type=\"checkbox\" name=\"form_fields[field_870225a]\" id=\"form-field-field_870225a\" class=\"elementor-field elementor-size-md  elementor-acceptance-field\" required=\"required\">\n\t\t\t\t<label for=\"form-field-field_870225a\">He le\u00eddo y acepto el <a href=\"https:\/\/www.pilarvicente.cat\/es\/aviso-legal\/\">Aviso Legal<\/a>, la <a href=\"https:\/\/www.pilarvicente.cat\/es\/politica-de-privacidad\/\">Pol\u00edtica de Privacidad<\/a> y autorizas el tratamiento de tus datos seg\u00fan lo establecido en la normativa vigente.<\/label>\t\t\t<\/span>\n\t\t<\/div>\n\t\t\t\t\t\t<\/div>\n\t\t\t\t\t\t\t\t<div class=\"elementor-field-group elementor-column elementor-field-type-submit elementor-col-20 e-form__buttons\">\n\t\t\t\t\t<button class=\"elementor-button elementor-size-sm\" type=\"submit\">\n\t\t\t\t\t\t<span class=\"elementor-button-content-wrapper\">\n\t\t\t\t\t\t\t\t\t\t\t\t\t\t\t\t\t\t\t\t\t\t<span class=\"elementor-button-text\">Enviar<\/span>\n\t\t\t\t\t\t\t\t\t\t\t\t\t<\/span>\n\t\t\t\t\t<\/button>\n\t\t\t\t<\/div>\n\t\t\t<\/div>\n\t\t<\/form>\n\t\t\t\t\t\t<\/div>\n\t\t\t\t<\/div>\n\t\t\t\t\t<\/div>\n\t\t\t\t<\/div>\n\t\t\t\t<\/div>\n\t\t","protected":false},"excerpt":{"rendered":"<p>Talleres activos Te detallo los talleres que estoy realizando actualmente y que te puedes apuntar. Talleres Las mujeres y su cuerpo A cargo de: Pilar Vicente. Psic\u00f3loga y Terapeuta de Terapia de integraci\u00f3n Psico-corporal. En este taller nos plantearemos trabajar aquellos aspectos que en concreto preocupen, cuestionen o amenacen la estabilidad y autoestima de las [&hellip;]<\/p>\n","protected":false},"author":1,"featured_media":0,"parent":0,"menu_order":0,"comment_status":"closed","ping_status":"closed","template":"","meta":{"_joinchat":[],"footnotes":""},"class_list":["post-3309","page","type-page","status-publish","hentry"],"yoast_head":"<!-- This site is optimized with the Yoast SEO plugin v27.2 - https:\/\/yoast.com\/product\/yoast-seo-wordpress\/ -->\n<title>Talleres - Pilar Vicente<\/title>\n<meta name=\"robots\" content=\"index, follow, max-snippet:-1, max-image-preview:large, max-video-preview:-1\" \/>\n<link rel=\"canonical\" href=\"https:\/\/www.pilarvicente.cat\/es\/talleres\/\" \/>\n<meta property=\"og:locale\" content=\"es_ES\" \/>\n<meta property=\"og:type\" content=\"article\" \/>\n<meta property=\"og:title\" content=\"Talleres - Pilar Vicente\" \/>\n<meta property=\"og:description\" content=\"Talleres activos Te detallo los talleres que estoy realizando actualmente y que te puedes apuntar. Talleres Las mujeres y su cuerpo A cargo de: Pilar Vicente. Psic\u00f3loga y Terapeuta de Terapia de integraci\u00f3n Psico-corporal. En este taller nos plantearemos trabajar aquellos aspectos que en concreto preocupen, cuestionen o amenacen la estabilidad y autoestima de las [&hellip;]\" \/>\n<meta property=\"og:url\" content=\"https:\/\/www.pilarvicente.cat\/es\/talleres\/\" \/>\n<meta property=\"og:site_name\" content=\"Pilar Vicente\" \/>\n<meta property=\"article:modified_time\" content=\"2025-02-05T13:50:03+00:00\" \/>\n<meta property=\"og:image\" content=\"https:\/\/www.pilarvicente.cat\/wp-content\/uploads\/2024\/12\/img-pag-projectes-pilar-vicente-2024-02.jpg\" \/>\n\t<meta property=\"og:image:width\" content=\"600\" \/>\n\t<meta property=\"og:image:height\" content=\"800\" \/>\n\t<meta property=\"og:image:type\" content=\"image\/jpeg\" \/>\n<meta name=\"twitter:card\" content=\"summary_large_image\" \/>\n<meta name=\"twitter:label1\" content=\"Tiempo de lectura\" \/>\n\t<meta name=\"twitter:data1\" content=\"1 minuto\" \/>\n<script type=\"application\/ld+json\" class=\"yoast-schema-graph\">{\"@context\":\"https:\/\/schema.org\",\"@graph\":[{\"@type\":\"WebPage\",\"@id\":\"https:\/\/www.pilarvicente.cat\/es\/talleres\/\",\"url\":\"https:\/\/www.pilarvicente.cat\/es\/talleres\/\",\"name\":\"Talleres - Pilar Vicente\",\"isPartOf\":{\"@id\":\"https:\/\/www.pilarvicente.cat\/es\/#website\"},\"primaryImageOfPage\":{\"@id\":\"https:\/\/www.pilarvicente.cat\/es\/talleres\/#primaryimage\"},\"image\":{\"@id\":\"https:\/\/www.pilarvicente.cat\/es\/talleres\/#primaryimage\"},\"thumbnailUrl\":\"https:\/\/www.pilarvicente.cat\/wp-content\/uploads\/2024\/12\/img-pag-projectes-pilar-vicente-2024-02.jpg\",\"datePublished\":\"2024-12-20T09:52:15+00:00\",\"dateModified\":\"2025-02-05T13:50:03+00:00\",\"breadcrumb\":{\"@id\":\"https:\/\/www.pilarvicente.cat\/es\/talleres\/#breadcrumb\"},\"inLanguage\":\"es\",\"potentialAction\":[{\"@type\":\"ReadAction\",\"target\":[\"https:\/\/www.pilarvicente.cat\/es\/talleres\/\"]}]},{\"@type\":\"ImageObject\",\"inLanguage\":\"es\",\"@id\":\"https:\/\/www.pilarvicente.cat\/es\/talleres\/#primaryimage\",\"url\":\"https:\/\/www.pilarvicente.cat\/wp-content\/uploads\/2024\/12\/img-pag-projectes-pilar-vicente-2024-02.jpg\",\"contentUrl\":\"https:\/\/www.pilarvicente.cat\/wp-content\/uploads\/2024\/12\/img-pag-projectes-pilar-vicente-2024-02.jpg\"},{\"@type\":\"BreadcrumbList\",\"@id\":\"https:\/\/www.pilarvicente.cat\/es\/talleres\/#breadcrumb\",\"itemListElement\":[{\"@type\":\"ListItem\",\"position\":1,\"name\":\"Inici\",\"item\":\"https:\/\/www.pilarvicente.cat\/es\/inici\/\"},{\"@type\":\"ListItem\",\"position\":2,\"name\":\"Talleres\"}]},{\"@type\":\"WebSite\",\"@id\":\"https:\/\/www.pilarvicente.cat\/es\/#website\",\"url\":\"https:\/\/www.pilarvicente.cat\/es\/\",\"name\":\"Pilar Vicente\",\"description\":\"Psicoterapeuta de Ter\u00e0pia d&#039;Integraci\u00f3 Psico-corporal\",\"publisher\":{\"@id\":\"https:\/\/www.pilarvicente.cat\/es\/#organization\"},\"potentialAction\":[{\"@type\":\"SearchAction\",\"target\":{\"@type\":\"EntryPoint\",\"urlTemplate\":\"https:\/\/www.pilarvicente.cat\/es\/?s={search_term_string}\"},\"query-input\":{\"@type\":\"PropertyValueSpecification\",\"valueRequired\":true,\"valueName\":\"search_term_string\"}}],\"inLanguage\":\"es\"},{\"@type\":\"Organization\",\"@id\":\"https:\/\/www.pilarvicente.cat\/es\/#organization\",\"name\":\"Pilar Vicente\",\"url\":\"https:\/\/www.pilarvicente.cat\/es\/\",\"logo\":{\"@type\":\"ImageObject\",\"inLanguage\":\"es\",\"@id\":\"https:\/\/www.pilarvicente.cat\/es\/#\/schema\/logo\/image\/\",\"url\":\"https:\/\/www.pilarvicente.cat\/wp-content\/uploads\/2024\/10\/cropped-img-logo-pilar-vicente-2024.png\",\"contentUrl\":\"https:\/\/www.pilarvicente.cat\/wp-content\/uploads\/2024\/10\/cropped-img-logo-pilar-vicente-2024.png\",\"width\":512,\"height\":512,\"caption\":\"Pilar Vicente\"},\"image\":{\"@id\":\"https:\/\/www.pilarvicente.cat\/es\/#\/schema\/logo\/image\/\"}}]}<\/script>\n<!-- \/ Yoast SEO plugin. -->","yoast_head_json":{"title":"Talleres - Pilar Vicente","robots":{"index":"index","follow":"follow","max-snippet":"max-snippet:-1","max-image-preview":"max-image-preview:large","max-video-preview":"max-video-preview:-1"},"canonical":"https:\/\/www.pilarvicente.cat\/es\/talleres\/","og_locale":"es_ES","og_type":"article","og_title":"Talleres - Pilar Vicente","og_description":"Talleres activos Te detallo los talleres que estoy realizando actualmente y que te puedes apuntar. Talleres Las mujeres y su cuerpo A cargo de: Pilar Vicente. Psic\u00f3loga y Terapeuta de Terapia de integraci\u00f3n Psico-corporal. En este taller nos plantearemos trabajar aquellos aspectos que en concreto preocupen, cuestionen o amenacen la estabilidad y autoestima de las [&hellip;]","og_url":"https:\/\/www.pilarvicente.cat\/es\/talleres\/","og_site_name":"Pilar Vicente","article_modified_time":"2025-02-05T13:50:03+00:00","og_image":[{"width":600,"height":800,"url":"https:\/\/www.pilarvicente.cat\/wp-content\/uploads\/2024\/12\/img-pag-projectes-pilar-vicente-2024-02.jpg","type":"image\/jpeg"}],"twitter_card":"summary_large_image","twitter_misc":{"Tiempo de lectura":"1 minuto"},"schema":{"@context":"https:\/\/schema.org","@graph":[{"@type":"WebPage","@id":"https:\/\/www.pilarvicente.cat\/es\/talleres\/","url":"https:\/\/www.pilarvicente.cat\/es\/talleres\/","name":"Talleres - Pilar Vicente","isPartOf":{"@id":"https:\/\/www.pilarvicente.cat\/es\/#website"},"primaryImageOfPage":{"@id":"https:\/\/www.pilarvicente.cat\/es\/talleres\/#primaryimage"},"image":{"@id":"https:\/\/www.pilarvicente.cat\/es\/talleres\/#primaryimage"},"thumbnailUrl":"https:\/\/www.pilarvicente.cat\/wp-content\/uploads\/2024\/12\/img-pag-projectes-pilar-vicente-2024-02.jpg","datePublished":"2024-12-20T09:52:15+00:00","dateModified":"2025-02-05T13:50:03+00:00","breadcrumb":{"@id":"https:\/\/www.pilarvicente.cat\/es\/talleres\/#breadcrumb"},"inLanguage":"es","potentialAction":[{"@type":"ReadAction","target":["https:\/\/www.pilarvicente.cat\/es\/talleres\/"]}]},{"@type":"ImageObject","inLanguage":"es","@id":"https:\/\/www.pilarvicente.cat\/es\/talleres\/#primaryimage","url":"https:\/\/www.pilarvicente.cat\/wp-content\/uploads\/2024\/12\/img-pag-projectes-pilar-vicente-2024-02.jpg","contentUrl":"https:\/\/www.pilarvicente.cat\/wp-content\/uploads\/2024\/12\/img-pag-projectes-pilar-vicente-2024-02.jpg"},{"@type":"BreadcrumbList","@id":"https:\/\/www.pilarvicente.cat\/es\/talleres\/#breadcrumb","itemListElement":[{"@type":"ListItem","position":1,"name":"Inici","item":"https:\/\/www.pilarvicente.cat\/es\/inici\/"},{"@type":"ListItem","position":2,"name":"Talleres"}]},{"@type":"WebSite","@id":"https:\/\/www.pilarvicente.cat\/es\/#website","url":"https:\/\/www.pilarvicente.cat\/es\/","name":"Pilar Vicente","description":"Psicoterapeuta de Ter\u00e0pia d&#039;Integraci\u00f3 Psico-corporal","publisher":{"@id":"https:\/\/www.pilarvicente.cat\/es\/#organization"},"potentialAction":[{"@type":"SearchAction","target":{"@type":"EntryPoint","urlTemplate":"https:\/\/www.pilarvicente.cat\/es\/?s={search_term_string}"},"query-input":{"@type":"PropertyValueSpecification","valueRequired":true,"valueName":"search_term_string"}}],"inLanguage":"es"},{"@type":"Organization","@id":"https:\/\/www.pilarvicente.cat\/es\/#organization","name":"Pilar Vicente","url":"https:\/\/www.pilarvicente.cat\/es\/","logo":{"@type":"ImageObject","inLanguage":"es","@id":"https:\/\/www.pilarvicente.cat\/es\/#\/schema\/logo\/image\/","url":"https:\/\/www.pilarvicente.cat\/wp-content\/uploads\/2024\/10\/cropped-img-logo-pilar-vicente-2024.png","contentUrl":"https:\/\/www.pilarvicente.cat\/wp-content\/uploads\/2024\/10\/cropped-img-logo-pilar-vicente-2024.png","width":512,"height":512,"caption":"Pilar Vicente"},"image":{"@id":"https:\/\/www.pilarvicente.cat\/es\/#\/schema\/logo\/image\/"}}]}},"_links":{"self":[{"href":"https:\/\/www.pilarvicente.cat\/es\/wp-json\/wp\/v2\/pages\/3309","targetHints":{"allow":["GET"]}}],"collection":[{"href":"https:\/\/www.pilarvicente.cat\/es\/wp-json\/wp\/v2\/pages"}],"about":[{"href":"https:\/\/www.pilarvicente.cat\/es\/wp-json\/wp\/v2\/types\/page"}],"author":[{"embeddable":true,"href":"https:\/\/www.pilarvicente.cat\/es\/wp-json\/wp\/v2\/users\/1"}],"replies":[{"embeddable":true,"href":"https:\/\/www.pilarvicente.cat\/es\/wp-json\/wp\/v2\/comments?post=3309"}],"version-history":[{"count":29,"href":"https:\/\/www.pilarvicente.cat\/es\/wp-json\/wp\/v2\/pages\/3309\/revisions"}],"predecessor-version":[{"id":4380,"href":"https:\/\/www.pilarvicente.cat\/es\/wp-json\/wp\/v2\/pages\/3309\/revisions\/4380"}],"wp:attachment":[{"href":"https:\/\/www.pilarvicente.cat\/es\/wp-json\/wp\/v2\/media?parent=3309"}],"curies":[{"name":"wp","href":"https:\/\/api.w.org\/{rel}","templated":true}]}}